{"id":120,"date":"2015-03-27T20:03:05","date_gmt":"2015-03-27T19:03:05","guid":{"rendered":"http:\/\/base1.dyndns-server.com:8090\/acepainfo\/?page_id=120"},"modified":"2025-12-01T11:39:35","modified_gmt":"2025-12-01T11:39:35","slug":"sistema-de-pago-electronico","status":"publish","type":"page","link":"https:\/\/acepa.info\/?page_id=120","title":{"rendered":"Sistema de Pago Electr\u00f3nico"},"content":{"rendered":"\n<p class=\"justify-text\">Desde este recurso puede cancelar las tasas acad\u00e9mica y administrativas, c\u00f3modamente, bien mediante Tarjeta Electr\u00f3nica.<\/p>\n\n\n\n<p class=\"justify-text\">Seleccione el precio del curso adquirido, comprobando con anterioridad las tasas, seg\u00fan modalidad, indicadas en el Dossier Informativo del Curso.<\/p>\n\n\n\n<p class=\"justify-text\">Si no ha visualizado el Dossier informativo, puede utilizar el buscador de nuestra p\u00e1gina web para acceder a la informaci\u00f3n, realizando una b\u00fasqueda o <a href=\"https:\/\/acepa.info\/?page_id=296\" target=\"_blank\" rel=\"noreferrer noopener\" aria-label=\"contactando con nuestro Dpto. de Informaci\u00f3n. (se abre en una nueva pesta\u00f1a)\">contactando con nuestro Dpto. de Informaci\u00f3n.<\/a><\/p>\n\n\n\n<table style=\"border-collapse: collapse; width: 100%; border: none;\">\n  <tr>\n    <td style=\"border: none; padding: 10px; vertical-align: top;\">\n      <!-- Columna 1 -->\n      \n    <\/td>\n\n    <td style=\"border: none; padding: 10px; vertical-align: top;\">\n      <!-- Columna 2 -->\n      <script async=\"\" src=\"https:\/\/js.stripe.com\/v3\/buy-button.js\">\n<\/script>\n\n<stripe-buy-button buy-button-id=\"buy_btn_1R5O40EjgHaTS2w04V8WCaIv\" publishable-key=\"pk_live_51R5MToEjgHaTS2w0XS10eq5OXrnPoxljJuEK1cEwtm7U0wedAsqw9EwGNlRyQBd5CgZ4yPtQhBH5WcQ4sMqzMC8900s8Vwem37\">\n<\/stripe-buy-button>\n    <\/td>\n\n    <td style=\"border: none; padding: 10px; vertical-align: top;\">\n      <!-- Columna 3 -->\n      \n    <\/td>\n  <\/tr>\n<\/table>\n","protected":false},"excerpt":{"rendered":"<p>Desde este recurso puede cancelar las tasas acad\u00e9mica y administrativas, c\u00f3modamente, bien mediante Tarjeta Electr\u00f3nica. Seleccione el precio del curso adquirido, comprobando con anterioridad las tasas, seg\u00fan modalidad, indicadas en el Dossier Informativo del Curso. Si no ha visualizado el Dossier informativo, puede utilizar el buscador de nuestra p\u00e1gina web para acceder a la informaci\u00f3n, [&hellip;]<\/p>\n","protected":false},"author":1,"featured_media":406,"parent":0,"menu_order":0,"comment_status":"closed","ping_status":"open","template":"","meta":{"footnotes":""},"class_list":["post-120","page","type-page","status-publish","has-post-thumbnail","hentry"],"_links":{"self":[{"href":"https:\/\/acepa.info\/index.php?rest_route=\/wp\/v2\/pages\/120","targetHints":{"allow":["GET"]}}],"collection":[{"href":"https:\/\/acepa.info\/index.php?rest_route=\/wp\/v2\/pages"}],"about":[{"href":"https:\/\/acepa.info\/index.php?rest_route=\/wp\/v2\/types\/page"}],"author":[{"embeddable":true,"href":"https:\/\/acepa.info\/index.php?rest_route=\/wp\/v2\/users\/1"}],"replies":[{"embeddable":true,"href":"https:\/\/acepa.info\/index.php?rest_route=%2Fwp%2Fv2%2Fcomments&post=120"}],"version-history":[{"count":18,"href":"https:\/\/acepa.info\/index.php?rest_route=\/wp\/v2\/pages\/120\/revisions"}],"predecessor-version":[{"id":1098,"href":"https:\/\/acepa.info\/index.php?rest_route=\/wp\/v2\/pages\/120\/revisions\/1098"}],"wp:featuredmedia":[{"embeddable":true,"href":"https:\/\/acepa.info\/index.php?rest_route=\/wp\/v2\/media\/406"}],"wp:attachment":[{"href":"https:\/\/acepa.info\/index.php?rest_route=%2Fwp%2Fv2%2Fmedia&parent=120"}],"curies":[{"name":"wp","href":"https:\/\/api.w.org\/{rel}","templated":true}]}}