{"id":127,"date":"2015-03-29T11:49:55","date_gmt":"2015-03-29T10:49:55","guid":{"rendered":"http:\/\/base1.dyndns-server.com:8090\/acepainfo\/?page_id=127"},"modified":"2023-04-25T03:49:29","modified_gmt":"2023-04-25T03:49:29","slug":"convocatoria-de-la-11o-promocion-excellence-in-parapsychology","status":"publish","type":"page","link":"https:\/\/acepa.info\/?page_id=127","title":{"rendered":"Convocatoria: \u201cExcellence in Study and Research\u201d"},"content":{"rendered":"\n<p>Bienvenido a ACEPA Academia Europea de Parapsicolog\u00eda, y a <strong>la Convocator\u00eda de los Reconocimientos Honor\u00edficos \u201c<strong>Excellence in Study and Research<\/strong>\u201d<\/strong>.<\/p>\n\n\n\n<p>Establecidos en 1995, se establece las nominaci\u00f3n de los expertos que destacan <strong>en las diferentes Ramas del Conocimiento<\/strong>, y desarrollo de Investigaci\u00f3n y  Excelencia Profesional.<\/p>\n\n\n\n<p>Actualmente hay varios grupos de trabajo activos, centrados principalmente en:<\/p>\n\n\n\n<p>o El Fen\u00f3meno abducci\u00f3n, y la hipnosis cl\u00ednica.<br>o La Transcomunicaci\u00f3n.<br>o Metodolog\u00eda de Investigaci\u00f3n ante fenomenolog\u00eda paranormal reportada en viviendas y casas habitadas.<br>o Detecci\u00f3n y desarrollo de las capacidades ps\u00edquicas, premonici\u00f3n, intuici\u00f3n avanzada, visiones y futurolog\u00eda, e influencias sobre la materia viva e inerte .<br>o Antropolog\u00eda de la Brujer\u00eda y Rituales en las antiguas Religiones.<br>o Experiencias an\u00f3malas y creencia en lo paranormal.<br>o Enga\u00f1o y autoenga\u00f1o.<br>o Cuestiones hist\u00f3ricas y conceptuales en la parapsicolog\u00eda.<\/p>\n\n\n\n<p>En este nuevo evento, hemos sido seleccionados, entre varias entidades educativas, como Comit\u00e9 de Organizaci\u00f3n de la <strong>Convocatoria y&nbsp; Promoci\u00f3n de las Nominaciones Profesionales a la Excelencia,<\/strong> en el <strong>\u00c1rea de Parapsicolog\u00eda y Ciencias Ocultas.<\/strong><\/p>\n\n\n\n<p>Este reconocimiento en la Excelencia Profesional, honran un rendimiento excepcional en el trabajo y aporte en investigaci\u00f3n, sobre Parapsicolog\u00eda y Ciencias Ocultas. Con categor\u00edas que incluyen desde la Transcomunicaci\u00f3n a la investigaci\u00f3n de las denominadas abducciones, as\u00ed como un amplio elenco de profesionales de toda Am\u00e9rica y Europa, que forman el Jurado del Comit\u00e9 de Selecci\u00f3n.<\/p>\n\n\n\n<p><strong>Los <strong>Reconocimientos Honor\u00edficos \u201c<strong>Excellence in Study and Research<\/strong>\u201d<\/strong><\/strong>,<strong> contemplan la gama completa de la profesi\u00f3n<\/strong>, y proporcionan una visi\u00f3n integral de los ejemplos m\u00e1s excepcionales de la Parapsicolog\u00eda y Ciencias Ocultas en los dos continentes. Con este alcance, los <strong>Premios \u00abExcellence in Parapsychology\u00bb<\/strong>, aseguran que <strong>los logros obtenidos son reconocidos<\/strong> internacionalmente <strong>a nivel acad\u00e9mico, profesional y curricular.<\/strong><\/p>\n\n\n\n<p><strong>Acceso a la Solicitud, \u00abExcellence in Parapsychology\u00bb.<br><\/strong><\/p>\n\n\n\n<p>Inicialmente, y <strong>si usted es un profesional o investigador en algunas de las \u00e1reas que conforman la parapsicolog\u00eda, o ciencias ocultas<\/strong>, <strong>debe remitir su solicitud desde el <a href=\"https:\/\/acepa.info\/?page_id=130\">Formulario Electr\u00f3nico<\/a><\/strong>.<\/p>\n\n\n\n<p>Una vez recibida su solicitud, un jurado compuesto por 10 profesionales de la Parapsicolog\u00eda de diversas entidades educativas internacionales, revisar\u00e1n todas las presentaciones y realizar\u00e1 una votaci\u00f3n en l\u00ednea, determinando una lista de <strong>cinco seleccionados por categor\u00eda<\/strong>. <\/p>\n\n\n\n<p><strong>Las solicitudes, se eval\u00faan<\/strong> teniendo en cuenta factores como, investigaci\u00f3n, innovaci\u00f3n, implementaci\u00f3n, aportes a la comunidad y resultados obtenidos. Los ganadores ser\u00e1n votados de forma an\u00f3nima durante una reuni\u00f3n del Jurado, dos d\u00edas antes de la entrega de los T\u00edtulos Certificados: <strong>Excellence in Study and Research<\/strong>, legalizados seg\u00fan el pa\u00eds de destino de la titulaci\u00f3n:<\/p>\n\n\n\n<p><strong>Legalizaci\u00f3n por la Apostilla de la Haya: <\/strong>Confiere al t\u00edtulo la certificaci\u00f3n de autenticidad, para todos los pa\u00edses firmantes del Convenio de la Haya.<\/p>\n\n\n\n<p><strong>Legalizaci\u00f3n Consular: <\/strong>Para los pa\u00edses no firmantes del Convenio de la Haya. En este caso el t\u00edtulo ser\u00e1 firmado por su C\u00f3nsul, y sellado v\u00eda consular del pa\u00eds de destino de la titulaci\u00f3n, as\u00ed como por el Ministerio de Asuntos Exteriores y Ministerio de Justicia del Gobierno del Reino de Espa\u00f1a.<\/p>\n\n\n\n<p>Las legalizaciones se incluyen en las tasas acad\u00e9micas y administrativas del t\u00edtulo.<\/p>\n\n\n\n<h4 class=\"wp-block-heading has-background-color has-text-color has-background\" style=\"background-color:#232a85\"><strong>Tasas de Participaci\u00f3n <\/strong><\/h4>\n\n\n\n<p><strong>Las tasas de participaci\u00f3n y entrega <\/strong>de la nominaci\u00f3n, <strong>se especifican en dos partes <\/strong>claramente identificadas. La <strong>primera tasa, se cancela al remitir la solicitud<\/strong> (se entrega certificado de participaci\u00f3n a los <strong>Reconocimientos Honor\u00edficos \u201c<strong>Excellence in Study and Research<\/strong>\u201d<\/strong>) y <strong>la segunda,<\/strong> en caso de <strong>nominaci\u00f3n efectiva y entrega del t\u00edtulo: Excellence in Study and Research in&#8230; (su sector profesional de nominaci\u00f3n<\/strong>).<\/p>\n\n\n\n<h5 class=\"wp-block-heading has-background-color has-text-color has-background\" style=\"background-color:#99542a\"><strong>1\u00aa Cuota &#8211; Solicitud de Postulante a Excellence:<\/strong> 125 UE\u20ac<\/h5>\n\n\n\n<p><strong>Al remitir su solicitud, usted recibir\u00e1,<\/strong> v\u00eda correo electr\u00f3nico, un <strong>Certificado de Participaci\u00f3n<\/strong> a las Nominaciones, <strong>Reconocimientos Honor\u00edficos \u201c<strong>Excellence in Study and Research<\/strong>\u201d<\/strong>, con un <strong>c\u00f3digo de participaci\u00f3n y que demuestra que ha sido autorizado el acceso<\/strong> al evento de las Nominaciones, en su \u00c1rea Profesional.<\/p>\n\n\n\n<p><strong>Una vez finalizado el voto <\/strong>de los Miembros del Comit\u00e9 de Selecci\u00f3n, <strong>se procede a comunicar a los participantes, las nominaciones efectivas,<\/strong> realizando la legalizaci\u00f3n del t\u00edtulo, y concertando con usted, la entrega, v\u00eda postal certificado, mediante la aportaci\u00f3n de la 2\u00aa cuota.<\/p>\n\n\n\n<p><strong>Si usted no ha sido nominado, <\/strong>recibir\u00e1 el certificado de participaci\u00f3n y <strong>debe omitir la cuota n\u00ba 2.<\/strong><\/p>\n\n\n\n<h5 class=\"wp-block-heading has-background-color has-text-color has-background\" style=\"background-color:#99542a\"><strong>2\u00aa cuota &#8211; Entrega del T\u00edtulo Certificado Excellence:<\/strong> 275 UE\u20ac<\/h5>\n\n\n\n<h4 class=\"wp-block-heading has-background-color has-text-color has-background\" style=\"background-color:#232a85\"><strong>Formalizaci\u00f3n de la Solicitud<\/strong><\/h4>\n\n\n\n<p>Usted puede cancelar las cuotas establecidas, mediante dos m\u00e9todos:<\/p>\n\n\n\n<p><strong>Ingreso Bancario:<\/strong> Directamente a la cuenta bancaria de la entidad educativa.<\/p>\n\n\n\n<p><strong>Ingreso electr\u00f3nico:<\/strong> Mediante tarjeta electr\u00f3nica, Visa, MasterCard o American Express. Como alternativa al Sistema Electr\u00f3nico con tarjeta, puede utilizar el servicio PayPal.<\/p>\n\n\n\n<h4 class=\"wp-block-heading has-background-color has-text-color has-background\" style=\"background-color:#232a85\"><strong>Entrega de la nominaci\u00f3n.<\/strong><\/h4>\n\n\n\n<p>Cuando su nominaci\u00f3n se concreta y se hace efectiva, se comunicar\u00e1 a usted, mediante el correo electr\u00f3nico facilitado en su solicitud. A partir de este momento, usted puede cancelar la cuota de nominaci\u00f3n, y remitir el comprobante bancario, mediante el sistema de env\u00edo de documentos, o bien como archivo adjunto mediante el correo electr\u00f3nico, desde el que se comunicar\u00e1 con usted, el Comit\u00e9 Organizador.<\/p>\n\n\n\n<p><strong>El t\u00edtulo se expedir\u00e1, registrar\u00e1 y enviar\u00e1, utilizando los datos facilitados<\/strong> por usted en el formulario de participaci\u00f3n, por lo que <strong>es muy importante, revisar todos los datos<\/strong>, antes de enviar su solicitud.<\/p>\n\n\n\n<h4 class=\"wp-block-heading has-background-color has-text-color has-background\" style=\"background-color:#232a85\"><strong>Usted recibir\u00e1 el t\u00edtulo en dos formatos:<\/strong><\/h4>\n\n\n\n<p><strong>Formato electr\u00f3nico: <\/strong>Mediante acceso al webserver de ACEPA, usted podr\u00e1 descargar el documento digitalizado, antes de ser remitido a legalizaciones. De este modo usted podr\u00e1 utilizar su membres\u00eda, en un proyecto, ediciones, publicaciones v\u00e1rias, o a nivel curricular, profesional, etc&#8230;<\/p>\n\n\n\n<p><strong>Formato impreso:<\/strong> El t\u00edtulo certificado, una vez legalizado, ser\u00e1 remitido impreso, encapsulado con protecci\u00f3n \u00f3ptima, a su domicilio, entregado en mano a usted, v\u00eda correo postal certificado, emitido por nuestro Departamento de Gesti\u00f3n del Registro Acad\u00e9mico. El env\u00edo se realiza, certificado y transporte a\u00e9reo, por lo que el tiempo de recepci\u00f3n depender\u00e1 del destino, y las posibles circunstancias sobre la frontera. En total, contabilizando el tiempo de extensi\u00f3n, registro, legalizaci\u00f3n y env\u00edo, estimamos, aproximadamente 35 d\u00edas h\u00e1biles, para la entrega de su membres\u00eda.<\/p>\n\n\n\n<p>Durante el transporte, le facilitamos un sistema de geolocalizaci\u00f3n, por el que podr\u00e1 visualizar en todo momento donde se encuentra su env\u00edo.<\/p>\n\n\n\n<p>Una vez cancelada la cuota participativa, usted tiene derecho a:<\/p>\n\n\n\n<p>\u2022 Activar su participaci\u00f3n.<br>\u2022 Recibir la factura nominativa, emitida por ACEPA.<br>\u2022 Recibir el Certificado Participativo, expedido por ACEPA.<\/p>\n\n\n\n<p>Esta membres\u00eda, le ofrece una oportunidad excepcional, de integrar esta en su curr\u00edculo actual, asi como licencia de uso de escudos y logotipos coorporativos con fines promocionales o publicitarios de su actividad profesional o exposici\u00f3n, en su expediente.<\/p>\n\n\n\n<p>Por \u00faltimo y <strong>para los nominados en los Premios Excellence<\/strong>, <span style=\"text-decoration: underline;\"><strong>se expondr\u00e1 la noticia<\/strong><\/span> en los sistema informativos y promocionales de ACEPA, incluyendo los conductos comunicativos, de la Red Social Empresarial, con miles de contactos y oportunidades de establecer nuevos lazos comunicativos, con empresas, profesionales y especailistas de su sector.<\/p>\n\n\n\n<p><strong>Le animamos a cumplimentar su participaci\u00f3n<\/strong>, anticipandole que, esta decisi\u00f3n, marcar\u00e1 un antes y un despu\u00e9s, en su perfil academico y profesional, con un alto nivel de reconocimiento y valoraci\u00f3n, por parte de las empresas y sector profesional.<\/p>\n\n\n\n<p>Para cualquier consulta, pueden <a href=\"https:\/\/acepa.info\/?page_id=296\" target=\"_blank\" rel=\"noreferrer noopener\" title=\"Contacto R\u00e1pido\">comunicarse mediante el formulario de contacto disponible desde aqu\u00ed.<\/a><\/p>\n","protected":false},"excerpt":{"rendered":"<p>Bienvenido a ACEPA Academia Europea de Parapsicolog\u00eda, y a la Convocator\u00eda de los Reconocimientos Honor\u00edficos \u201cExcellence in Study and Research\u201d. Establecidos en 1995, se establece las nominaci\u00f3n de los expertos que destacan en las diferentes Ramas del Conocimiento, y desarrollo de Investigaci\u00f3n y Excelencia Profesional. Actualmente hay varios grupos de trabajo activos, centrados principalmente en: [&hellip;]<\/p>\n","protected":false},"author":1,"featured_media":945,"parent":0,"menu_order":0,"comment_status":"closed","ping_status":"open","template":"","meta":{"footnotes":""},"class_list":["post-127","page","type-page","status-publish","has-post-thumbnail","hentry"],"_links":{"self":[{"href":"https:\/\/acepa.info\/index.php?rest_route=\/wp\/v2\/pages\/127","targetHints":{"allow":["GET"]}}],"collection":[{"href":"https:\/\/acepa.info\/index.php?rest_route=\/wp\/v2\/pages"}],"about":[{"href":"https:\/\/acepa.info\/index.php?rest_route=\/wp\/v2\/types\/page"}],"author":[{"embeddable":true,"href":"https:\/\/acepa.info\/index.php?rest_route=\/wp\/v2\/users\/1"}],"replies":[{"embeddable":true,"href":"https:\/\/acepa.info\/index.php?rest_route=%2Fwp%2Fv2%2Fcomments&post=127"}],"version-history":[{"count":6,"href":"https:\/\/acepa.info\/index.php?rest_route=\/wp\/v2\/pages\/127\/revisions"}],"predecessor-version":[{"id":946,"href":"https:\/\/acepa.info\/index.php?rest_route=\/wp\/v2\/pages\/127\/revisions\/946"}],"wp:featuredmedia":[{"embeddable":true,"href":"https:\/\/acepa.info\/index.php?rest_route=\/wp\/v2\/media\/945"}],"wp:attachment":[{"href":"https:\/\/acepa.info\/index.php?rest_route=%2Fwp%2Fv2%2Fmedia&parent=127"}],"curies":[{"name":"wp","href":"https:\/\/api.w.org\/{rel}","templated":true}]}}