{"id":320,"date":"2018-08-22T07:07:19","date_gmt":"2018-08-22T07:07:19","guid":{"rendered":"https:\/\/acepa.info\/?page_id=320"},"modified":"2024-08-28T06:42:43","modified_gmt":"2024-08-28T06:42:43","slug":"acepa-le-da-la-bienvenida","status":"publish","type":"page","link":"https:\/\/acepa.info\/","title":{"rendered":"ACEPA, le da la bienvenida"},"content":{"rendered":"\n<figure class=\"wp-block-gallery has-nested-images columns-default is-cropped wp-block-gallery-1 is-layout-flex wp-block-gallery-is-layout-flex\">\n<figure class=\"wp-block-image size-full is-style-default\"><img loading=\"lazy\" decoding=\"async\" width=\"1081\" height=\"341\" data-id=\"452\" src=\"https:\/\/acepa.info\/wp-content\/uploads\/2020\/01\/index_4.png\" alt=\"\" class=\"wp-image-452\" srcset=\"https:\/\/acepa.info\/wp-content\/uploads\/2020\/01\/index_4.png 1081w, https:\/\/acepa.info\/wp-content\/uploads\/2020\/01\/index_4-300x95.png 300w, https:\/\/acepa.info\/wp-content\/uploads\/2020\/01\/index_4-768x242.png 768w, https:\/\/acepa.info\/wp-content\/uploads\/2020\/01\/index_4-1024x323.png 1024w, https:\/\/acepa.info\/wp-content\/uploads\/2020\/01\/index_4-1080x341.png 1080w\" sizes=\"auto, (max-width: 1081px) 100vw, 1081px\" \/><\/figure>\n\n\n\n<figure class=\"wp-block-image size-large\"><img loading=\"lazy\" decoding=\"async\" width=\"1024\" height=\"323\" data-id=\"446\" src=\"https:\/\/acepa.info\/wp-content\/uploads\/2020\/01\/index_1-1024x323.png\" alt=\"\" class=\"wp-image-446\" srcset=\"https:\/\/acepa.info\/wp-content\/uploads\/2020\/01\/index_1-1024x323.png 1024w, https:\/\/acepa.info\/wp-content\/uploads\/2020\/01\/index_1-300x95.png 300w, https:\/\/acepa.info\/wp-content\/uploads\/2020\/01\/index_1-768x242.png 768w, https:\/\/acepa.info\/wp-content\/uploads\/2020\/01\/index_1-1080x341.png 1080w, https:\/\/acepa.info\/wp-content\/uploads\/2020\/01\/index_1.png 1081w\" sizes=\"auto, (max-width: 1024px) 100vw, 1024px\" \/><\/figure>\n\n\n\n<figure class=\"wp-block-image size-large\"><img loading=\"lazy\" decoding=\"async\" width=\"992\" height=\"336\" data-id=\"342\" src=\"https:\/\/acepa.info\/wp-content\/uploads\/2015\/01\/asicomenzamos.png\" alt=\"\" class=\"wp-image-342\" srcset=\"https:\/\/acepa.info\/wp-content\/uploads\/2015\/01\/asicomenzamos.png 992w, https:\/\/acepa.info\/wp-content\/uploads\/2015\/01\/asicomenzamos-300x102.png 300w, https:\/\/acepa.info\/wp-content\/uploads\/2015\/01\/asicomenzamos-768x260.png 768w\" sizes=\"auto, (max-width: 992px) 100vw, 992px\" \/><\/figure>\n\n\n\n<figure class=\"wp-block-image size-large\"><img loading=\"lazy\" decoding=\"async\" width=\"1024\" height=\"323\" data-id=\"454\" src=\"https:\/\/acepa.info\/wp-content\/uploads\/2020\/01\/index_6-1024x323.png\" alt=\"\" class=\"wp-image-454\" srcset=\"https:\/\/acepa.info\/wp-content\/uploads\/2020\/01\/index_6-1024x323.png 1024w, https:\/\/acepa.info\/wp-content\/uploads\/2020\/01\/index_6-300x95.png 300w, https:\/\/acepa.info\/wp-content\/uploads\/2020\/01\/index_6-768x242.png 768w, https:\/\/acepa.info\/wp-content\/uploads\/2020\/01\/index_6-1080x341.png 1080w, https:\/\/acepa.info\/wp-content\/uploads\/2020\/01\/index_6.png 1081w\" sizes=\"auto, (max-width: 1024px) 100vw, 1024px\" \/><\/figure>\n\n\n\n<figure class=\"wp-block-image size-large\"><img loading=\"lazy\" decoding=\"async\" width=\"1024\" height=\"323\" data-id=\"458\" src=\"https:\/\/acepa.info\/wp-content\/uploads\/2020\/01\/index_8-1024x323.png\" alt=\"\" class=\"wp-image-458\" srcset=\"https:\/\/acepa.info\/wp-content\/uploads\/2020\/01\/index_8-1024x323.png 1024w, https:\/\/acepa.info\/wp-content\/uploads\/2020\/01\/index_8-300x95.png 300w, https:\/\/acepa.info\/wp-content\/uploads\/2020\/01\/index_8-768x242.png 768w, https:\/\/acepa.info\/wp-content\/uploads\/2020\/01\/index_8-1080x341.png 1080w, https:\/\/acepa.info\/wp-content\/uploads\/2020\/01\/index_8.png 1081w\" sizes=\"auto, (max-width: 1024px) 100vw, 1024px\" \/><\/figure>\n<\/figure>\n\n\n\n<p class=\"justify-text\">Las oportunidades de acceso a formaci\u00f3n en parapsicolog\u00eda y ciencias ocultas son muy escasas, a pesar de que hay muchas personas que desean una programaci\u00f3n&nbsp;cualificada, para dedicarse a este \u00e1rea profesional y de investigaci\u00f3n.<\/p>\n\n\n\n<h2 class=\"wp-block-heading has-text-align-center\"> Busca aqu\u00ed tu Programa&#8230; <\/h2>\n\n\n<form role=\"search\" method=\"get\" action=\"https:\/\/acepa.info\/\" class=\"wp-block-search__button-outside wp-block-search__text-button wp-block-search\"    ><label class=\"wp-block-search__label screen-reader-text\" for=\"wp-block-search__input-2\" >Buscar<\/label><div class=\"wp-block-search__inside-wrapper \" ><input class=\"wp-block-search__input\" id=\"wp-block-search__input-2\" placeholder=\"\" value=\"\" type=\"search\" name=\"s\" required \/><button aria-label=\"Buscar\" class=\"wp-block-search__button wp-element-button\" type=\"submit\" >Buscar<\/button><\/div><\/form>\n\n\n<p class=\"justify-text\">ACEPA es una de las pocas unidades de investigaci\u00f3n con sede en Europa, que acceden a estudios de fen\u00f3menos paranormales o similares. Nos mantenemos conectados, a los proyectos e investigaciones, de entidades educativas de la talla de la Universidad de Princeton, la Universidad de Arizona, la Universidad de Edimburgo, la Universidad de Amsterdam, y la Universidad de Hertfordshire, que ha d\u00eda de hoy, mantienen departamentos de investigaci\u00f3n en Parapsicolog\u00eda, Ciencias Ocultas, Exoarqueolog\u00eda y Fen\u00f3menos extra\u00f1os e inexplicables. <\/p>\n\n\n\n<h2 class=\"wp-block-heading justify-text\">Selecciona la categor\u00eda de t\u00fa inter\u00e9s<\/h2>\n\n\n\n<div class=\"wp-block-columns is-layout-flex wp-container-core-columns-is-layout-9d6595d7 wp-block-columns-is-layout-flex\">\n<div class=\"wp-block-column is-layout-flow wp-block-column-is-layout-flow\"><div class=\"wp-block-image\">\n<figure class=\"aligncenter size-full\"><a href=\"https:\/\/acepa.info\/?cat=69\" target=\"_blank\" rel=\"noreferrer noopener\"><img loading=\"lazy\" decoding=\"async\" width=\"173\" height=\"160\" src=\"https:\/\/acepa.info\/wp-content\/uploads\/2022\/10\/cat_astrolog.png\" alt=\"\" class=\"wp-image-880\"\/><\/a><figcaption class=\"wp-element-caption\">Astrolog\u00eda<\/figcaption><\/figure><\/div>\n\n<div class=\"wp-block-image\">\n<figure class=\"aligncenter size-full\"><a href=\"https:\/\/acepa.info\/?cat=5\" target=\"_blank\" rel=\"noreferrer noopener\"><img loading=\"lazy\" decoding=\"async\" width=\"173\" height=\"160\" src=\"https:\/\/acepa.info\/wp-content\/uploads\/2022\/10\/cat_energetica.png\" alt=\"\" class=\"wp-image-883\"\/><\/a><figcaption class=\"wp-element-caption\">Energ\u00e9tica<\/figcaption><\/figure><\/div>\n\n<div class=\"wp-block-image\">\n<figure class=\"aligncenter size-full\"><a href=\"https:\/\/acepa.info\/?cat=125\" target=\"_blank\" rel=\"noreferrer noopener\"><img loading=\"lazy\" decoding=\"async\" width=\"173\" height=\"160\" src=\"https:\/\/acepa.info\/wp-content\/uploads\/2022\/10\/cat_futurologia.png\" alt=\"\" class=\"wp-image-886\"\/><\/a><figcaption class=\"wp-element-caption\">Futurolog\u00eda<\/figcaption><\/figure><\/div>\n\n<div class=\"wp-block-image\">\n<figure class=\"aligncenter size-full\"><a href=\"https:\/\/acepa.info\/?cat=11\" target=\"_blank\" rel=\"noreferrer noopener\"><img loading=\"lazy\" decoding=\"async\" width=\"173\" height=\"160\" src=\"https:\/\/acepa.info\/wp-content\/uploads\/2022\/10\/cat_mancias.png\" alt=\"\" class=\"wp-image-889\"\/><\/a><figcaption class=\"wp-element-caption\">Mancias<\/figcaption><\/figure><\/div>\n\n<div class=\"wp-block-image\">\n<figure class=\"aligncenter size-full\"><a href=\"https:\/\/acepa.info\/?cat=15\" target=\"_blank\" rel=\"noreferrer noopener\"><img loading=\"lazy\" decoding=\"async\" width=\"173\" height=\"160\" src=\"https:\/\/acepa.info\/wp-content\/uploads\/2022\/10\/cat_tec_mentales.png\" alt=\"\" class=\"wp-image-892\"\/><\/a><figcaption class=\"wp-element-caption\">T\u00e9cnicas Mentales<\/figcaption><\/figure><\/div><\/div>\n\n\n\n<div class=\"wp-block-column is-layout-flow wp-block-column-is-layout-flow\"><div class=\"wp-block-image\">\n<figure class=\"aligncenter size-full is-resized\"><a href=\"https:\/\/acepa.info\/?cat=2\" target=\"_blank\" rel=\"noreferrer noopener\"><img loading=\"lazy\" decoding=\"async\" src=\"https:\/\/acepa.info\/wp-content\/uploads\/2022\/10\/cat_cienc_ocultas.png\" alt=\"\" class=\"wp-image-881\" width=\"173\" height=\"160\"\/><\/a><figcaption class=\"wp-element-caption\">Ciencias de la Vida<\/figcaption><\/figure><\/div>\n\n<div class=\"wp-block-image\">\n<figure class=\"aligncenter size-full\"><a href=\"https:\/\/acepa.info\/?cat=6\" target=\"_blank\" rel=\"noreferrer noopener\"><img loading=\"lazy\" decoding=\"async\" width=\"173\" height=\"160\" src=\"https:\/\/acepa.info\/wp-content\/uploads\/2022\/10\/cat_espiritis.png\" alt=\"\" class=\"wp-image-884\"\/><\/a><figcaption class=\"wp-element-caption\">Espiritismo<\/figcaption><\/figure><\/div>\n\n<div class=\"wp-block-image\">\n<figure class=\"aligncenter size-full\"><a href=\"https:\/\/acepa.info\/?cat=9\" target=\"_blank\" rel=\"noreferrer noopener\"><img loading=\"lazy\" decoding=\"async\" width=\"173\" height=\"160\" src=\"https:\/\/acepa.info\/wp-content\/uploads\/2022\/10\/cat_investigacion.png\" alt=\"\" class=\"wp-image-887\"\/><\/a><figcaption class=\"wp-element-caption\">Investigaci\u00f3n<\/figcaption><\/figure><\/div>\n\n<div class=\"wp-block-image\">\n<figure class=\"aligncenter size-full\"><a href=\"https:\/\/acepa.info\/?cat=12\" target=\"_blank\" rel=\"noreferrer noopener\"><img loading=\"lazy\" decoding=\"async\" width=\"173\" height=\"160\" src=\"https:\/\/acepa.info\/wp-content\/uploads\/2022\/10\/cat_mentalismo.png\" alt=\"\" class=\"wp-image-890\"\/><\/a><figcaption class=\"wp-element-caption\">Mentalismo<\/figcaption><\/figure><\/div>\n\n<div class=\"wp-block-image\">\n<figure class=\"aligncenter size-full\"><a href=\"https:\/\/acepa.info\/?cat=16\" target=\"_blank\" rel=\"noreferrer noopener\"><img loading=\"lazy\" decoding=\"async\" width=\"173\" height=\"160\" src=\"https:\/\/acepa.info\/wp-content\/uploads\/2022\/10\/cat_ufologia.png\" alt=\"\" class=\"wp-image-893\"\/><\/a><figcaption class=\"wp-element-caption\">Ufolog\u00eda<\/figcaption><\/figure><\/div><\/div>\n\n\n\n<div class=\"wp-block-column is-layout-flow wp-block-column-is-layout-flow\"><div class=\"wp-block-image\">\n<figure class=\"aligncenter size-full\"><a href=\"https:\/\/acepa.info\/?cat=3\" target=\"_blank\" rel=\"noreferrer noopener\"><img loading=\"lazy\" decoding=\"async\" width=\"173\" height=\"160\" src=\"https:\/\/acepa.info\/wp-content\/uploads\/2022\/10\/cat_cienc_vida.png\" alt=\"\" class=\"wp-image-882\"\/><\/a><figcaption class=\"wp-element-caption\">Ciencias Ocultas<\/figcaption><\/figure><\/div>\n\n<div class=\"wp-block-image\">\n<figure class=\"aligncenter size-full\"><a href=\"https:\/\/acepa.info\/?cat=7\" target=\"_blank\" rel=\"noreferrer noopener\"><img loading=\"lazy\" decoding=\"async\" width=\"173\" height=\"160\" src=\"https:\/\/acepa.info\/wp-content\/uploads\/2022\/10\/cat_espiritualidad.png\" alt=\"\" class=\"wp-image-885\"\/><\/a><figcaption class=\"wp-element-caption\">Espiritualidad<\/figcaption><\/figure><\/div>\n\n<div class=\"wp-block-image\">\n<figure class=\"aligncenter size-full\"><a href=\"https:\/\/acepa.info\/?cat=10\" target=\"_blank\" rel=\"noreferrer noopener\"><img loading=\"lazy\" decoding=\"async\" width=\"173\" height=\"160\" src=\"https:\/\/acepa.info\/wp-content\/uploads\/2022\/10\/cat_magia.png\" alt=\"\" class=\"wp-image-888\"\/><\/a><figcaption class=\"wp-element-caption\">Magia<\/figcaption><\/figure><\/div>\n\n<div class=\"wp-block-image\">\n<figure class=\"aligncenter size-full\"><a href=\"https:\/\/acepa.info\/?cat=14\" target=\"_blank\" rel=\"noreferrer noopener\"><img loading=\"lazy\" decoding=\"async\" width=\"173\" height=\"160\" src=\"https:\/\/acepa.info\/wp-content\/uploads\/2022\/10\/cat_parapsicologia.png\" alt=\"\" class=\"wp-image-891\"\/><\/a><figcaption class=\"wp-element-caption\">Parapsicolog\u00eda<\/figcaption><\/figure><\/div>\n\n<div class=\"wp-block-image\">\n<figure class=\"aligncenter size-full\"><img loading=\"lazy\" decoding=\"async\" width=\"173\" height=\"160\" src=\"https:\/\/acepa.info\/wp-content\/uploads\/2022\/10\/cat_exociencias.png\" alt=\"\" class=\"wp-image-894\"\/><figcaption class=\"wp-element-caption\">Exociencias<\/figcaption><\/figure><\/div><\/div>\n<\/div>\n","protected":false},"excerpt":{"rendered":"<p>Las oportunidades de acceso a formaci\u00f3n en parapsicolog\u00eda y ciencias ocultas son muy escasas, a pesar de que hay muchas personas que desean una programaci\u00f3n&nbsp;cualificada, para dedicarse a este \u00e1rea profesional y de investigaci\u00f3n. Busca aqu\u00ed tu Programa&#8230; ACEPA es una de las pocas unidades de investigaci\u00f3n con sede en Europa, que acceden a estudios [&hellip;]<\/p>\n","protected":false},"author":1,"featured_media":501,"parent":0,"menu_order":0,"comment_status":"closed","ping_status":"closed","template":"templates\/template-full-width.php","meta":{"footnotes":""},"class_list":["post-320","page","type-page","status-publish","has-post-thumbnail","hentry"],"_links":{"self":[{"href":"https:\/\/acepa.info\/index.php?rest_route=\/wp\/v2\/pages\/320","targetHints":{"allow":["GET"]}}],"collection":[{"href":"https:\/\/acepa.info\/index.php?rest_route=\/wp\/v2\/pages"}],"about":[{"href":"https:\/\/acepa.info\/index.php?rest_route=\/wp\/v2\/types\/page"}],"author":[{"embeddable":true,"href":"https:\/\/acepa.info\/index.php?rest_route=\/wp\/v2\/users\/1"}],"replies":[{"embeddable":true,"href":"https:\/\/acepa.info\/index.php?rest_route=%2Fwp%2Fv2%2Fcomments&post=320"}],"version-history":[{"count":42,"href":"https:\/\/acepa.info\/index.php?rest_route=\/wp\/v2\/pages\/320\/revisions"}],"predecessor-version":[{"id":981,"href":"https:\/\/acepa.info\/index.php?rest_route=\/wp\/v2\/pages\/320\/revisions\/981"}],"wp:featuredmedia":[{"embeddable":true,"href":"https:\/\/acepa.info\/index.php?rest_route=\/wp\/v2\/media\/501"}],"wp:attachment":[{"href":"https:\/\/acepa.info\/index.php?rest_route=%2Fwp%2Fv2%2Fmedia&parent=320"}],"curies":[{"name":"wp","href":"https:\/\/api.w.org\/{rel}","templated":true}]}}