{"id":537,"date":"2020-02-27T16:26:20","date_gmt":"2020-02-27T16:26:20","guid":{"rendered":"https:\/\/acepa.info\/?page_id=537"},"modified":"2020-02-27T16:31:42","modified_gmt":"2020-02-27T16:31:42","slug":"politicas-de-privacidad-y-proteccion-de-datos","status":"publish","type":"page","link":"https:\/\/acepa.info\/?page_id=537","title":{"rendered":"Pol\u00edticas de Privacidad y Protecci\u00f3n de datos."},"content":{"rendered":"\n<p>Cuando precisemos obtener informaci\u00f3n por su parte, siempre le solicitaremos que nos la proporcione voluntariamente de forma expresa. Los datos recabados a trav\u00e9s de los formularios de recogida de datos del sitio web u otras v\u00edas, ser\u00e1n debidamente tratados seg\u00fan el REGLAMENTO (UE) 2016\/679 DEL PARLAMENTO EUROPEO Y DEL CONSEJO de 27 de abril de 2016 relativo a la protecci\u00f3n de las personas f\u00edsicas en lo que respecta al tratamiento de datos personales y a la libre circulaci\u00f3n de estos datos y por el que se deroga la Directiva 95\/46\/CE (Reglamento general de protecci\u00f3n de datos), del cual es responsable ACEPA (en adelante: ACEPA S.L.). Esta entidad tratar\u00e1 los datos de forma confidencial y exclusivamente con la finalidad de ofrecer los servicios solicitados, con todas las garant\u00edas legales y de seguridad que impone la Ley y el Real Decreto 1720\/2007, de 21 de diciembre y la Ley 34\/2002, de 11 de julio, de Servicios de la Sociedad de la Informaci\u00f3n y de Comercio Electr\u00f3nico.<\/p>\n\n\n\n<p>ACEPA S.L. no ceder\u00e1 ni compartir\u00e1 los datos con terceros sin su consentimiento expreso.<\/p>\n\n\n\n<p>El usuario podr\u00e1 revocar el consentimiento prestado adem\u00e1s ejercer los derechos de acceso, rectificaci\u00f3n, cancelaci\u00f3n, oposici\u00f3n, derecho al olvido, portabilidad y limitaci\u00f3n temporal dirigi\u00e9ndose a tal efecto al domicilio siguiente: ACEPA S.L., sito en CALLE FRANCISCO JIMENEZ LOMAS, 5 \u2013 29004 M\u00c1LAGA, o bien a trav\u00e9s de su Dpto. Administrativo, identific\u00e1ndose debidamente e indicando de forma expresa el concreto derecho que se quiere ejercer, a la direcci\u00f3n de correo electr\u00f3nico acepa@acepa.info<\/p>\n\n\n\n<p>ACEPA S.L. adopta las medidas t\u00e9cnicas y organizativas, realizada la Evaluaci\u00f3n de Riesgos requeridos por la citada Ley y dem\u00e1s normativa aplicable. No obstante, no puede garantizar la absoluta invulnerabilidad de los sistemas, por tanto, no asume ninguna responsabilidad por los da\u00f1os y perjuicios derivados de alteraciones que terceros puedan causar en los sistemas inform\u00e1ticos, documentos electr\u00f3nicos o ficheros del usuario.<\/p>\n\n\n\n<p>Si opta por abandonar nuestro sitio web a trav\u00e9s de enlaces a sitios web no pertenecientes a nuestra entidad, ACEPA S.L. no se har\u00e1 responsable de las pol\u00edticas de privacidad de dichos sitios web ni de las cookies que \u00e9stos puedan almacenar en el ordenador del usuario.<\/p>\n\n\n\n<p>Nuestra pol\u00edtica con respecto al correo electr\u00f3nico se centra en remitir \u00fanicamente comunicaciones que usted haya solicitado recibir.<\/p>\n\n\n\n<p>Si prefiere no recibir estos mensajes por correo electr\u00f3nico le ofreceremos a trav\u00e9s de los mismos la posibilidad de ejercer su derecho de cancelaci\u00f3n y renuncia a la recepci\u00f3n de estos mensajes, en conformidad con lo dispuesto en el T\u00edtulo III, art\u00edculo 22 de la Ley 34\/2002, de Servicios para la Sociedad de la Informaci\u00f3n y de Comercio Electr\u00f3nico.<\/p>\n","protected":false},"excerpt":{"rendered":"<p>Cuando precisemos obtener informaci\u00f3n por su parte, siempre le solicitaremos que nos la proporcione voluntariamente de forma expresa. Los datos recabados a trav\u00e9s de los formularios de recogida de datos del sitio web u otras v\u00edas, ser\u00e1n debidamente tratados seg\u00fan el REGLAMENTO (UE) 2016\/679 DEL PARLAMENTO EUROPEO Y DEL CONSEJO de 27 de abril de [&hellip;]<\/p>\n","protected":false},"author":1,"featured_media":539,"parent":0,"menu_order":0,"comment_status":"closed","ping_status":"closed","template":"templates\/template-full-width.php","meta":{"footnotes":""},"class_list":["post-537","page","type-page","status-publish","has-post-thumbnail","hentry"],"_links":{"self":[{"href":"https:\/\/acepa.info\/index.php?rest_route=\/wp\/v2\/pages\/537","targetHints":{"allow":["GET"]}}],"collection":[{"href":"https:\/\/acepa.info\/index.php?rest_route=\/wp\/v2\/pages"}],"about":[{"href":"https:\/\/acepa.info\/index.php?rest_route=\/wp\/v2\/types\/page"}],"author":[{"embeddable":true,"href":"https:\/\/acepa.info\/index.php?rest_route=\/wp\/v2\/users\/1"}],"replies":[{"embeddable":true,"href":"https:\/\/acepa.info\/index.php?rest_route=%2Fwp%2Fv2%2Fcomments&post=537"}],"version-history":[{"count":1,"href":"https:\/\/acepa.info\/index.php?rest_route=\/wp\/v2\/pages\/537\/revisions"}],"predecessor-version":[{"id":538,"href":"https:\/\/acepa.info\/index.php?rest_route=\/wp\/v2\/pages\/537\/revisions\/538"}],"wp:featuredmedia":[{"embeddable":true,"href":"https:\/\/acepa.info\/index.php?rest_route=\/wp\/v2\/media\/539"}],"wp:attachment":[{"href":"https:\/\/acepa.info\/index.php?rest_route=%2Fwp%2Fv2%2Fmedia&parent=537"}],"curies":[{"name":"wp","href":"https:\/\/api.w.org\/{rel}","templated":true}]}}